{"id":36,"date":"2021-03-14T17:56:19","date_gmt":"2021-03-14T17:56:19","guid":{"rendered":"https:\/\/jokioistenfysioterapia.fi\/wp56\/?page_id=36"},"modified":"2021-03-20T09:31:39","modified_gmt":"2021-03-20T09:31:39","slug":"palvelut","status":"publish","type":"page","link":"https:\/\/jokioistenfysioterapia.fi\/wp56\/palvelut\/","title":{"rendered":"Palvelut"},"content":{"rendered":"\n<div class=\"wp-block-columns is-layout-flex wp-container-core-columns-is-layout-9d6595d7 wp-block-columns-is-layout-flex\">\n<div class=\"wp-block-column is-layout-flow wp-block-column-is-layout-flow\">\n<p><strong>Fysioterapiapalvelut:<\/strong><\/p>\n\n\n\n<p>Manuaalinen terapia: pehmytkudosk\u00e4sittelyt, faskiak\u00e4sittelyt,<br>nivelmobilisaatiot, neuraalikudokset<br>Akupunktio<br>Kinesioteippaus<br>S\u00e4hk\u00f6- ja l\u00e4mp\u00f6hoidot<br>Hyv\u00e4nlaatuinen asentohuimaus<\/p>\n<\/div>\n\n\n\n<div class=\"wp-block-column is-layout-flow wp-block-column-is-layout-flow\">\n<p><strong>Erikoisosaamisena tuki- ja liikuntaelinten fysioterapia:<\/strong><br><br>Pehmytkudosk\u00e4sittelyt<br>Faskiak\u00e4sittelyt<br>Faskiamanipulaatio<br>Mulligan- mobilisaatio<br>Akupunktio<br>MDT(McKenzie)<\/p>\n<\/div>\n<\/div>\n\n\n\n<p><\/p>\n\n\n\n<p><\/p>\n","protected":false},"excerpt":{"rendered":"<p>Fysioterapiapalvelut: Manuaalinen terapia: pehmytkudosk\u00e4sittelyt, faskiak\u00e4sittelyt,nivelmobilisaatiot, neuraalikudoksetAkupunktioKinesioteippausS\u00e4hk\u00f6- ja l\u00e4mp\u00f6hoidotHyv\u00e4nlaatuinen asentohuimaus Erikoisosaamisena tuki- ja liikuntaelinten fysioterapia: Pehmytkudosk\u00e4sittelytFaskiak\u00e4sittelytFaskiamanipulaatioMulligan- mobilisaatioAkupunktioMDT(McKenzie)<\/p>\n","protected":false},"author":1,"featured_media":0,"parent":0,"menu_order":0,"comment_status":"closed","ping_status":"closed","template":"","meta":{"footnotes":""},"class_list":["post-36","page","type-page","status-publish","hentry"],"_links":{"self":[{"href":"https:\/\/jokioistenfysioterapia.fi\/wp56\/wp-json\/wp\/v2\/pages\/36","targetHints":{"allow":["GET"]}}],"collection":[{"href":"https:\/\/jokioistenfysioterapia.fi\/wp56\/wp-json\/wp\/v2\/pages"}],"about":[{"href":"https:\/\/jokioistenfysioterapia.fi\/wp56\/wp-json\/wp\/v2\/types\/page"}],"author":[{"embeddable":true,"href":"https:\/\/jokioistenfysioterapia.fi\/wp56\/wp-json\/wp\/v2\/users\/1"}],"replies":[{"embeddable":true,"href":"https:\/\/jokioistenfysioterapia.fi\/wp56\/wp-json\/wp\/v2\/comments?post=36"}],"version-history":[{"count":8,"href":"https:\/\/jokioistenfysioterapia.fi\/wp56\/wp-json\/wp\/v2\/pages\/36\/revisions"}],"predecessor-version":[{"id":82,"href":"https:\/\/jokioistenfysioterapia.fi\/wp56\/wp-json\/wp\/v2\/pages\/36\/revisions\/82"}],"wp:attachment":[{"href":"https:\/\/jokioistenfysioterapia.fi\/wp56\/wp-json\/wp\/v2\/media?parent=36"}],"curies":[{"name":"wp","href":"https:\/\/api.w.org\/{rel}","templated":true}]}}