{"id":30,"date":"2021-03-14T17:14:42","date_gmt":"2021-03-14T17:14:42","guid":{"rendered":"https:\/\/jokioistenfysioterapia.fi\/wp56\/?page_id=30"},"modified":"2021-03-20T09:21:58","modified_gmt":"2021-03-20T09:21:58","slug":"etusivu","status":"publish","type":"page","link":"https:\/\/jokioistenfysioterapia.fi\/wp56\/","title":{"rendered":""},"content":{"rendered":"\n<div class=\"wp-block-columns is-layout-flex wp-container-core-columns-is-layout-9d6595d7 wp-block-columns-is-layout-flex\">\n<div class=\"wp-block-column is-layout-flow wp-block-column-is-layout-flow\" style=\"flex-basis:100%\">\n<div class=\"wp-block-media-text alignwide is-stacked-on-mobile\" style=\"grid-template-columns:49% auto\"><figure class=\"wp-block-media-text__media\"><img loading=\"lazy\" decoding=\"async\" width=\"200\" height=\"259\" src=\"https:\/\/jokioistenfysioterapia.fi\/wp56\/wp-content\/uploads\/2021\/03\/kuvapieni.jpg\" alt=\"\" class=\"wp-image-53 size-full\"\/><\/figure><div class=\"wp-block-media-text__content\">\n<p><strong>Fysioterapeutti Arja Yli-Liipola<\/strong><br><br><strong>Koulutus:<\/strong><br>L\u00e4\u00e4kint\u00e4voimistelija 1985<br>Erikoisl\u00e4\u00e4kint\u00e4voimistelija 1993<br>Ty\u00f6terveysfysioterapeutti 1997<\/p>\n\n\n\n<p><strong>Yhteisty\u00f6ss\u00e4:<\/strong><br>Forssan Hyvinvointikuntayhtym\u00e4n ja<br>Kanta-H\u00e4meen Sairaanhoitopiirin palvelusetelit<br>Valtiokonttori<br>Vakuutusyhti\u00f6t<br>Oma Fysio-palveluntuottaja<\/p>\n<\/div><\/div>\n\n\n\n<div class=\"wp-block-columns is-layout-flex wp-container-core-columns-is-layout-9d6595d7 wp-block-columns-is-layout-flex\">\n<div class=\"wp-block-column is-layout-flow wp-block-column-is-layout-flow\"><\/div>\n<\/div>\n<\/div>\n<\/div>\n","protected":false},"excerpt":{"rendered":"<p>Fysioterapeutti Arja Yli-Liipola Koulutus:L\u00e4\u00e4kint\u00e4voimistelija 1985Erikoisl\u00e4\u00e4kint\u00e4voimistelija 1993Ty\u00f6terveysfysioterapeutti 1997 Yhteisty\u00f6ss\u00e4:Forssan Hyvinvointikuntayhtym\u00e4n jaKanta-H\u00e4meen Sairaanhoitopiirin palvelusetelitValtiokonttoriVakuutusyhti\u00f6tOma Fysio-palveluntuottaja<\/p>\n","protected":false},"author":1,"featured_media":0,"parent":0,"menu_order":0,"comment_status":"closed","ping_status":"closed","template":"","meta":{"footnotes":""},"class_list":["post-30","page","type-page","status-publish","hentry"],"_links":{"self":[{"href":"https:\/\/jokioistenfysioterapia.fi\/wp56\/wp-json\/wp\/v2\/pages\/30","targetHints":{"allow":["GET"]}}],"collection":[{"href":"https:\/\/jokioistenfysioterapia.fi\/wp56\/wp-json\/wp\/v2\/pages"}],"about":[{"href":"https:\/\/jokioistenfysioterapia.fi\/wp56\/wp-json\/wp\/v2\/types\/page"}],"author":[{"embeddable":true,"href":"https:\/\/jokioistenfysioterapia.fi\/wp56\/wp-json\/wp\/v2\/users\/1"}],"replies":[{"embeddable":true,"href":"https:\/\/jokioistenfysioterapia.fi\/wp56\/wp-json\/wp\/v2\/comments?post=30"}],"version-history":[{"count":12,"href":"https:\/\/jokioistenfysioterapia.fi\/wp56\/wp-json\/wp\/v2\/pages\/30\/revisions"}],"predecessor-version":[{"id":84,"href":"https:\/\/jokioistenfysioterapia.fi\/wp56\/wp-json\/wp\/v2\/pages\/30\/revisions\/84"}],"wp:attachment":[{"href":"https:\/\/jokioistenfysioterapia.fi\/wp56\/wp-json\/wp\/v2\/media?parent=30"}],"curies":[{"name":"wp","href":"https:\/\/api.w.org\/{rel}","templated":true}]}}