{"id":15,"date":"2021-03-14T16:38:30","date_gmt":"2021-03-14T16:38:30","guid":{"rendered":"https:\/\/jokioistenfysioterapia.fi\/wp56\/?page_id=15"},"modified":"2024-09-03T04:09:07","modified_gmt":"2024-09-03T04:09:07","slug":"hinnasto","status":"publish","type":"page","link":"https:\/\/jokioistenfysioterapia.fi\/wp56\/hinnasto\/","title":{"rendered":"Hinnasto"},"content":{"rendered":"\n<p><strong>HINNASTO<\/strong><\/p>\n\n\n\n<div class=\"wp-block-columns is-layout-flex wp-container-core-columns-is-layout-9d6595d7 wp-block-columns-is-layout-flex\">\n<div class=\"wp-block-column is-layout-flow wp-block-column-is-layout-flow\" style=\"flex-basis:100%\">\n<div class=\"wp-block-columns is-layout-flex wp-container-core-columns-is-layout-9d6595d7 wp-block-columns-is-layout-flex\">\n<div class=\"wp-block-column is-layout-flow wp-block-column-is-layout-flow\" style=\"flex-basis:50%\">\n<p>Fysioterapia 30 min 45,00<br>Fysioterapia 45 min 55,00<br>Fysioterapia 60 min 68,00<br>Konehoidot 30,00<br>Akupunktio 45,00<br>Kinesioteippaus 12,00<\/p>\n<\/div>\n\n\n\n<div class=\"wp-block-column is-layout-flow wp-block-column-is-layout-flow\" style=\"flex-basis:50%\">\n<p>Meill\u00e4 on k\u00e4yt\u00f6ss\u00e4:<br>Smartum<br>Smartum-hieronta<br>Edenred<br>ePassi<\/p>\n<\/div>\n<\/div>\n<\/div>\n<\/div>\n\n\n\n<p>Peruuttamattomista k\u00e4ynneist\u00e4 laskutetaan hinnaston mukaan.<br>Kotik\u00e4yntilis\u00e4 50 %<\/p>\n\n\n\n<p>Hinnasto voimassa 1.5.2024 alkaen<\/p>\n\n\n\n<p><\/p>\n","protected":false},"excerpt":{"rendered":"<p>HINNASTO Fysioterapia 30 min 45,00Fysioterapia 45 min 55,00Fysioterapia 60 min 68,00Konehoidot 30,00Akupunktio 45,00Kinesioteippaus 12,00 Meill\u00e4 on k\u00e4yt\u00f6ss\u00e4:SmartumSmartum-hierontaEdenredePassi Peruuttamattomista k\u00e4ynneist\u00e4 laskutetaan hinnaston mukaan.Kotik\u00e4yntilis\u00e4 50 % Hinnasto voimassa 1.5.2024 alkaen<\/p>\n","protected":false},"author":1,"featured_media":0,"parent":0,"menu_order":0,"comment_status":"closed","ping_status":"closed","template":"","meta":{"footnotes":""},"class_list":["post-15","page","type-page","status-publish","hentry"],"_links":{"self":[{"href":"https:\/\/jokioistenfysioterapia.fi\/wp56\/wp-json\/wp\/v2\/pages\/15","targetHints":{"allow":["GET"]}}],"collection":[{"href":"https:\/\/jokioistenfysioterapia.fi\/wp56\/wp-json\/wp\/v2\/pages"}],"about":[{"href":"https:\/\/jokioistenfysioterapia.fi\/wp56\/wp-json\/wp\/v2\/types\/page"}],"author":[{"embeddable":true,"href":"https:\/\/jokioistenfysioterapia.fi\/wp56\/wp-json\/wp\/v2\/users\/1"}],"replies":[{"embeddable":true,"href":"https:\/\/jokioistenfysioterapia.fi\/wp56\/wp-json\/wp\/v2\/comments?post=15"}],"version-history":[{"count":10,"href":"https:\/\/jokioistenfysioterapia.fi\/wp56\/wp-json\/wp\/v2\/pages\/15\/revisions"}],"predecessor-version":[{"id":91,"href":"https:\/\/jokioistenfysioterapia.fi\/wp56\/wp-json\/wp\/v2\/pages\/15\/revisions\/91"}],"wp:attachment":[{"href":"https:\/\/jokioistenfysioterapia.fi\/wp56\/wp-json\/wp\/v2\/media?parent=15"}],"curies":[{"name":"wp","href":"https:\/\/api.w.org\/{rel}","templated":true}]}}